{"id":3487,"date":"2021-10-14T07:36:32","date_gmt":"2021-10-14T05:36:32","guid":{"rendered":"http:\/\/www.timeserver.eu\/?page_id=3487"},"modified":"2022-09-18T10:51:07","modified_gmt":"2022-09-18T08:51:07","slug":"geschaeftsbedingungen","status":"publish","type":"page","link":"https:\/\/www.rdcs.eu\/?page_id=3487","title":{"rendered":"Gesch\u00e4ftsbedingungen"},"content":{"rendered":"<p><\/p>\n<div class=\"vce-row-container\" data-vce-boxed-width=\"true\">\n<div id=\"el-2ad059d5\" class=\"vce-row vce-row--col-gap-30 vce-row-equal-height vce-row-content--top\" data-vce-do-apply=\"all el-2ad059d5\">\n<div class=\"vce-content-background-container\">&nbsp;<\/div>\n<div class=\"vce-row-content\" data-vce-element-content=\"true\"><p><\/p>\n<div id=\"el-309ac683\" class=\"vce-col vce-col--md-auto vce-col--xs-1 vce-col--xs-last vce-col--xs-first vce-col--sm-last vce-col--sm-first vce-col--md-last vce-col--lg-last vce-col--xl-last vce-col--md-first vce-col--lg-first vce-col--xl-first\">\n<div class=\"vce-col-inner\" data-vce-do-apply=\"border margin background  el-309ac683\">\n<div class=\"vce-col-content\" data-vce-element-content=\"true\" data-vce-do-apply=\"padding el-309ac683\"><p><\/p>\n<div class=\"vce-text-block\">\n<div id=\"el-e001acf2\" class=\"vce-text-block-wrapper vce\" data-vce-do-apply=\"all el-e001acf2\">&nbsp;<\/div>\n<\/div>\n<\/div>\n<\/div>\n<\/div>\n<\/div>\n<\/div>\n<\/div>\n\n\n<div class=\"wp-block-columns are-vertically-aligned-center h-group-left is-layout-flex wp-container-core-columns-is-layout-9d6595d7 wp-block-columns-is-layout-flex\">\n<div class=\"wp-block-column is-vertically-aligned-center is-layout-flow wp-block-column-is-layout-flow\" style=\"flex-basis:67%\">\n<h5 class=\"wp-block-heading\">Allgemeine Lieferbedingungen f\u00fcr Erzeugnisse und Leistungen der Elektro- und Elektronikindustrie<\/h5>\n\n\n\n<h6 class=\"wp-block-heading\">zur Verwendung im Gesch\u00e4ftsverkehr gegen\u00fcber Unternehmern (April 2017)<\/h6>\n\n\n\n<div style=\"height:10px\" aria-hidden=\"true\" class=\"wp-block-spacer\"><\/div>\n\n\n\n<p>Wir freuen uns, Ihnen im Folgenden unsere allgemeinen Gesch\u00e4ftsbedingungen zur Verf\u00fcgung zu stellen.<br>Wenn Sie Fragen zu unseren Allgemeinen Gesch\u00e4ftsbedingungen haben, wenden Sie sich bitte <a href=\"https:\/\/www.rdcs.eu\/?page_id=2115\" data-type=\"URL\" data-id=\"https:\/\/www.rdcs.eu\/?page_id=2115\">an unser Team<\/a>.<\/p>\n\n\n\n<div class=\"wp-block-buttons is-layout-flex wp-block-buttons-is-layout-flex\">\n<div class=\"wp-block-button\"><a class=\"wp-block-button__link\" href=\"http:\/\/www.rdcs.eu\/wp-content\/uploads\/2022\/09\/Allgemeine-Lieferbedingungen-Deutsch.pdf\" target=\"_blank\" rel=\"noreferrer noopener\">Download der AGBs<\/a><\/div>\n<\/div>\n<\/div>\n\n\n\n<div class=\"wp-block-column is-vertically-aligned-center is-layout-flow wp-block-column-is-layout-flow\" style=\"flex-basis:33%\"><div class=\"wp-block-image\">\n<figure class=\"alignright size-large is-resized\"><img decoding=\"async\" src=\"http:\/\/www.timeserver.eu\/wp-content\/uploads\/2021\/03\/GENERAL-CONDITIONS_HOPF-ELEKTRONIK-GMBH_TIME-REFERENCE-SYSTEMS_GPS_GNSS_NETWORK-TIMESERVER_CLOCK-SYNCHRONIZATION-1024x683.jpg\" alt=\"\" class=\"wp-image-694\" width=\"-68\" height=\"-45\" srcset=\"https:\/\/www.rdcs.eu\/wp-content\/uploads\/2021\/03\/GENERAL-CONDITIONS_HOPF-ELEKTRONIK-GMBH_TIME-REFERENCE-SYSTEMS_GPS_GNSS_NETWORK-TIMESERVER_CLOCK-SYNCHRONIZATION-1024x683.jpg 1024w, https:\/\/www.rdcs.eu\/wp-content\/uploads\/2021\/03\/GENERAL-CONDITIONS_HOPF-ELEKTRONIK-GMBH_TIME-REFERENCE-SYSTEMS_GPS_GNSS_NETWORK-TIMESERVER_CLOCK-SYNCHRONIZATION-300x200.jpg 300w, https:\/\/www.rdcs.eu\/wp-content\/uploads\/2021\/03\/GENERAL-CONDITIONS_HOPF-ELEKTRONIK-GMBH_TIME-REFERENCE-SYSTEMS_GPS_GNSS_NETWORK-TIMESERVER_CLOCK-SYNCHRONIZATION-768x512.jpg 768w, https:\/\/www.rdcs.eu\/wp-content\/uploads\/2021\/03\/GENERAL-CONDITIONS_HOPF-ELEKTRONIK-GMBH_TIME-REFERENCE-SYSTEMS_GPS_GNSS_NETWORK-TIMESERVER_CLOCK-SYNCHRONIZATION-1536x1024.jpg 1536w, https:\/\/www.rdcs.eu\/wp-content\/uploads\/2021\/03\/GENERAL-CONDITIONS_HOPF-ELEKTRONIK-GMBH_TIME-REFERENCE-SYSTEMS_GPS_GNSS_NETWORK-TIMESERVER_CLOCK-SYNCHRONIZATION-2048x1365.jpg 2048w, https:\/\/www.rdcs.eu\/wp-content\/uploads\/2021\/03\/GENERAL-CONDITIONS_HOPF-ELEKTRONIK-GMBH_TIME-REFERENCE-SYSTEMS_GPS_GNSS_NETWORK-TIMESERVER_CLOCK-SYNCHRONIZATION-scaled.jpg 1600w\" sizes=\"(max-width: 1024px) 100vw, 1024px\" \/><\/figure>\n<\/div><\/div>\n<\/div>\n\n\n\n<p><\/p>\n\n\n<p><\/p>\n<p><\/p>\n<p><\/p>","protected":false},"excerpt":{"rendered":"<p>Die hopf Elektronik GmbH ist das f\u00fchrende Kompetenzzentrum f\u00fcr Zeit- und Frequenzl\u00f6sungen, Zeitreferenzsysteme und Zeitverteilungsanwendungen. Deutsche Qualit\u00e4t und Innovation zeichnen seit 1972 unsere bew\u00e4hrten Produkte aus, die in zahlreichen Branchen weltweit eingesetzt werden. Hier finden Sie unsere Allgemeinen Lieferbedingungen f\u00fcr Produkte und Dienstleistungen der Elektro- und Elektronikindustrie. <\/p>\n","protected":false},"author":1,"featured_media":0,"parent":0,"menu_order":0,"comment_status":"closed","ping_status":"closed","template":"","meta":{"_oasis_is_in_workflow":0,"_oasis_original":0,"om_disable_all_campaigns":false,"_mi_skip_tracking":false,"_monsterinsights_sitenote_active":false,"_monsterinsights_sitenote_note":"","_monsterinsights_sitenote_category":0,"footnotes":""},"class_list":["post-3487","page","type-page","status-publish","hentry"],"aioseo_notices":[],"lang":"de","translations":{"de":3487,"en":689},"pll_sync_post":[],"_links":{"self":[{"href":"https:\/\/www.rdcs.eu\/index.php?rest_route=\/wp\/v2\/pages\/3487","targetHints":{"allow":["GET"]}}],"collection":[{"href":"https:\/\/www.rdcs.eu\/index.php?rest_route=\/wp\/v2\/pages"}],"about":[{"href":"https:\/\/www.rdcs.eu\/index.php?rest_route=\/wp\/v2\/types\/page"}],"author":[{"embeddable":true,"href":"https:\/\/www.rdcs.eu\/index.php?rest_route=\/wp\/v2\/users\/1"}],"replies":[{"embeddable":true,"href":"https:\/\/www.rdcs.eu\/index.php?rest_route=%2Fwp%2Fv2%2Fcomments&post=3487"}],"version-history":[{"count":12,"href":"https:\/\/www.rdcs.eu\/index.php?rest_route=\/wp\/v2\/pages\/3487\/revisions"}],"predecessor-version":[{"id":4684,"href":"https:\/\/www.rdcs.eu\/index.php?rest_route=\/wp\/v2\/pages\/3487\/revisions\/4684"}],"wp:attachment":[{"href":"https:\/\/www.rdcs.eu\/index.php?rest_route=%2Fwp%2Fv2%2Fmedia&parent=3487"}],"curies":[{"name":"wp","href":"https:\/\/api.w.org\/{rel}","templated":true}]}}