{"id":3005,"date":"2021-10-06T14:51:05","date_gmt":"2021-10-06T12:51:05","guid":{"rendered":"http:\/\/www.timeserver.eu\/?page_id=3005"},"modified":"2022-09-09T19:56:33","modified_gmt":"2022-09-09T17:56:33","slug":"sicherheit-gesundheit-und-menschenrechte","status":"publish","type":"page","link":"https:\/\/www.rdcs.eu\/?page_id=3005","title":{"rendered":"Sicherheit, Gesundheit und Menschenrechte"},"content":{"rendered":"\n<div class=\"wp-block-group h-statement\"><div class=\"wp-block-group__inner-container is-layout-flow wp-block-group-is-layout-flow\">\n<h2 class=\"wp-block-heading\">Unser Beitrag<\/h2>\n\n\n\n<p>Da jeder einzelne Mitarbeiter unseres Unternehmens eine Schl\u00fcsselrolle f\u00fcr den Erfolg von RDCS spielt, respektieren wir die W\u00fcrde und Rechte jedes Einzelnen sowie die kulturelle, ethische und gesellschaftspolitische Vielfalt der Nationen und Kulturen, mit denen wir oder unsere Vertreter Gesch\u00e4ftsbeziehungen unterhalten. Dar\u00fcber hinaus sind wir bestrebt, einen sicheren Arbeitsplatz f\u00fcr unsere Mitarbeiter zu schaffen, der auf den aktuellen Erkenntnissen der Arbeitsmedizin und den gesetzlichen Vorschriften basiert. <\/p>\n<\/div><\/div>\n\n\n\n<div class=\"wp-block-columns are-vertically-aligned-center h-group-left is-layout-flex wp-container-core-columns-is-layout-9d6595d7 wp-block-columns-is-layout-flex\">\n<div class=\"wp-block-column is-vertically-aligned-center is-layout-flow wp-block-column-is-layout-flow\" style=\"flex-basis:67%\">\n<h3 class=\"wp-block-heading\">Sicherheit &amp; Gesundheit<\/h3>\n\n\n\n<p>In enger Zusammenarbeit mit der arbeitsmedizinischen Betreuung durch Fach\u00e4rzte und Sicherheitsbeauftragte der AUVA sowie ausgebildeten Ersthelfern sorgt RDCS f\u00fcr den betrieblichen Arbeits- und Gesundheitsschutz unter Ber\u00fccksichtigung arbeitsrechtlicher Aspekte. Unfallverh\u00fctungsma\u00dfnahmen und sicherheitsrelevante Aspekte am Arbeitsplatz werden von qualifiziertem Personal st\u00e4ndig \u00fcberpr\u00fcft und angepasst.<\/p>\n\n\n\n<p>Arbeitspl\u00e4tze und Arbeitsabl\u00e4ufe in unserer modernen Produktionsst\u00e4tte ber\u00fccksichtigen arbeits- und sicherheitsrelevante Kriterien unter Ber\u00fccksichtigung der Umsetzung von Arbeitsschutzaspekten im Hinblick auf die Unternehmenszertifizierung nach ISO-Norm 45001:2018 (Arbeitsschutzmanagementsystem).<\/p>\n<\/div>\n\n\n\n<div class=\"wp-block-column is-vertically-aligned-center is-layout-flow wp-block-column-is-layout-flow\" style=\"flex-basis:33%\"><div class=\"wp-block-image\">\n<figure class=\"alignright size-large\"><img loading=\"lazy\" decoding=\"async\" width=\"1024\" height=\"538\" src=\"http:\/\/www.timeserver.eu\/wp-content\/uploads\/2021\/04\/SAFE-WORKPLACE_SAFETY-AT-WORK_HOPF-ELEKTRONIK-GMBH_TIME-REFERENCE-SYSTEMS_GPS-CLOCK-SYSTEMS-1024x538.jpeg\" alt=\"\" class=\"wp-image-1404\" srcset=\"https:\/\/www.rdcs.eu\/wp-content\/uploads\/2021\/04\/SAFE-WORKPLACE_SAFETY-AT-WORK_HOPF-ELEKTRONIK-GMBH_TIME-REFERENCE-SYSTEMS_GPS-CLOCK-SYSTEMS-1024x538.jpeg 1024w, https:\/\/www.rdcs.eu\/wp-content\/uploads\/2021\/04\/SAFE-WORKPLACE_SAFETY-AT-WORK_HOPF-ELEKTRONIK-GMBH_TIME-REFERENCE-SYSTEMS_GPS-CLOCK-SYSTEMS-300x158.jpeg 300w, https:\/\/www.rdcs.eu\/wp-content\/uploads\/2021\/04\/SAFE-WORKPLACE_SAFETY-AT-WORK_HOPF-ELEKTRONIK-GMBH_TIME-REFERENCE-SYSTEMS_GPS-CLOCK-SYSTEMS-768x404.jpeg 768w, https:\/\/www.rdcs.eu\/wp-content\/uploads\/2021\/04\/SAFE-WORKPLACE_SAFETY-AT-WORK_HOPF-ELEKTRONIK-GMBH_TIME-REFERENCE-SYSTEMS_GPS-CLOCK-SYSTEMS-1536x808.jpeg 1536w, https:\/\/www.rdcs.eu\/wp-content\/uploads\/2021\/04\/SAFE-WORKPLACE_SAFETY-AT-WORK_HOPF-ELEKTRONIK-GMBH_TIME-REFERENCE-SYSTEMS_GPS-CLOCK-SYSTEMS-2048x1077.jpeg 2048w, https:\/\/www.rdcs.eu\/wp-content\/uploads\/2021\/04\/SAFE-WORKPLACE_SAFETY-AT-WORK_HOPF-ELEKTRONIK-GMBH_TIME-REFERENCE-SYSTEMS_GPS-CLOCK-SYSTEMS.jpeg 1600w\" sizes=\"auto, (max-width: 1024px) 100vw, 1024px\" \/><\/figure>\n<\/div><\/div>\n<\/div>\n\n\n\n<div class=\"wp-block-columns are-vertically-aligned-center h-group-right is-layout-flex wp-container-core-columns-is-layout-9d6595d7 wp-block-columns-is-layout-flex\">\n<div class=\"wp-block-column is-vertically-aligned-center is-layout-flow wp-block-column-is-layout-flow\" style=\"flex-basis:33%\"><div class=\"wp-block-image\">\n<figure class=\"alignleft size-large\"><img loading=\"lazy\" decoding=\"async\" width=\"1024\" height=\"683\" src=\"http:\/\/www.timeserver.eu\/wp-content\/uploads\/2021\/03\/EQUALITY_HUMAN-RIGHTS_HOPF-ELEKTRONIK-GMBH_TIME-REFERENCE-SYSTEMS_GPS-CLOCK-SYSTEMS-1024x683.jpg\" alt=\"\" class=\"wp-image-885\" srcset=\"https:\/\/www.rdcs.eu\/wp-content\/uploads\/2021\/03\/EQUALITY_HUMAN-RIGHTS_HOPF-ELEKTRONIK-GMBH_TIME-REFERENCE-SYSTEMS_GPS-CLOCK-SYSTEMS-1024x683.jpg 1024w, https:\/\/www.rdcs.eu\/wp-content\/uploads\/2021\/03\/EQUALITY_HUMAN-RIGHTS_HOPF-ELEKTRONIK-GMBH_TIME-REFERENCE-SYSTEMS_GPS-CLOCK-SYSTEMS-300x200.jpg 300w, https:\/\/www.rdcs.eu\/wp-content\/uploads\/2021\/03\/EQUALITY_HUMAN-RIGHTS_HOPF-ELEKTRONIK-GMBH_TIME-REFERENCE-SYSTEMS_GPS-CLOCK-SYSTEMS-768x512.jpg 768w, https:\/\/www.rdcs.eu\/wp-content\/uploads\/2021\/03\/EQUALITY_HUMAN-RIGHTS_HOPF-ELEKTRONIK-GMBH_TIME-REFERENCE-SYSTEMS_GPS-CLOCK-SYSTEMS-1536x1024.jpg 1536w, https:\/\/www.rdcs.eu\/wp-content\/uploads\/2021\/03\/EQUALITY_HUMAN-RIGHTS_HOPF-ELEKTRONIK-GMBH_TIME-REFERENCE-SYSTEMS_GPS-CLOCK-SYSTEMS-2048x1365.jpg 2048w, https:\/\/www.rdcs.eu\/wp-content\/uploads\/2021\/03\/EQUALITY_HUMAN-RIGHTS_HOPF-ELEKTRONIK-GMBH_TIME-REFERENCE-SYSTEMS_GPS-CLOCK-SYSTEMS-scaled.jpg 1600w\" sizes=\"auto, (max-width: 1024px) 100vw, 1024px\" \/><\/figure>\n<\/div><\/div>\n\n\n\n<div class=\"wp-block-column is-vertically-aligned-center is-layout-flow wp-block-column-is-layout-flow\" style=\"flex-basis:67%\">\n<h3 class=\"wp-block-heading\">Menschenrechte<\/h3>\n\n\n\n<p>RDCS ist der Ansicht, dass die Wirtschaft nur in Gesellschaften florieren kann, in denen die Menschenrechte gesch\u00fctzt und geachtet werden. Wir erkennen an, dass Unternehmen die Verantwortung haben, die Menschenrechte zu respektieren, und die F\u00e4higkeit, zu positiven Auswirkungen auf die Menschenrechte beizutragen. <\/p>\n\n\n\n<p>Daher evaluieren und \u00fcberpr\u00fcfen wir kontinuierlich, wie wir unseren Ansatz zur Einhaltung der Menschenrechte, einschlie\u00dflich der Arbeitnehmerrechte, am besten st\u00e4rken k\u00f6nnen.<\/p>\n<\/div>\n<\/div>\n","protected":false},"excerpt":{"rendered":"<p>Unser Beitrag Da jeder einzelne Mitarbeiter unseres Unternehmens eine Schl\u00fcsselrolle f\u00fcr den Erfolg von RDCS spielt, respektieren wir die W\u00fcrde und Rechte jedes Einzelnen sowie die kulturelle, ethische und gesellschaftspolitische Vielfalt der Nationen und Kulturen, mit denen wir oder unsere Vertreter Gesch\u00e4ftsbeziehungen unterhalten. Dar\u00fcber hinaus sind wir bestrebt, einen sicheren Arbeitsplatz f\u00fcr unsere Mitarbeiter zu [&hellip;]<\/p>\n","protected":false},"author":1,"featured_media":885,"parent":2992,"menu_order":0,"comment_status":"closed","ping_status":"closed","template":"page-company.php","meta":{"_oasis_is_in_workflow":0,"_oasis_original":0,"om_disable_all_campaigns":false,"_mi_skip_tracking":false,"_monsterinsights_sitenote_active":false,"_monsterinsights_sitenote_note":"","_monsterinsights_sitenote_category":0,"footnotes":""},"class_list":["post-3005","page","type-page","status-publish","has-post-thumbnail","hentry"],"aioseo_notices":[],"lang":"de","translations":{"de":3005,"en":480},"pll_sync_post":[],"_links":{"self":[{"href":"https:\/\/www.rdcs.eu\/index.php?rest_route=\/wp\/v2\/pages\/3005","targetHints":{"allow":["GET"]}}],"collection":[{"href":"https:\/\/www.rdcs.eu\/index.php?rest_route=\/wp\/v2\/pages"}],"about":[{"href":"https:\/\/www.rdcs.eu\/index.php?rest_route=\/wp\/v2\/types\/page"}],"author":[{"embeddable":true,"href":"https:\/\/www.rdcs.eu\/index.php?rest_route=\/wp\/v2\/users\/1"}],"replies":[{"embeddable":true,"href":"https:\/\/www.rdcs.eu\/index.php?rest_route=%2Fwp%2Fv2%2Fcomments&post=3005"}],"version-history":[{"count":3,"href":"https:\/\/www.rdcs.eu\/index.php?rest_route=\/wp\/v2\/pages\/3005\/revisions"}],"predecessor-version":[{"id":4245,"href":"https:\/\/www.rdcs.eu\/index.php?rest_route=\/wp\/v2\/pages\/3005\/revisions\/4245"}],"up":[{"embeddable":true,"href":"https:\/\/www.rdcs.eu\/index.php?rest_route=\/wp\/v2\/pages\/2992"}],"wp:featuredmedia":[{"embeddable":true,"href":"https:\/\/www.rdcs.eu\/index.php?rest_route=\/wp\/v2\/media\/885"}],"wp:attachment":[{"href":"https:\/\/www.rdcs.eu\/index.php?rest_route=%2Fwp%2Fv2%2Fmedia&parent=3005"}],"curies":[{"name":"wp","href":"https:\/\/api.w.org\/{rel}","templated":true}]}}