{"id":3002,"date":"2021-10-06T14:45:35","date_gmt":"2021-10-06T12:45:35","guid":{"rendered":"http:\/\/www.timeserver.eu\/?page_id=3002"},"modified":"2022-09-18T11:38:27","modified_gmt":"2022-09-18T09:38:27","slug":"qualifikationen-und-iso-zertifikate","status":"publish","type":"page","link":"https:\/\/www.rdcs.eu\/?page_id=3002","title":{"rendered":"Qualifikationen und ISO Zertifikate"},"content":{"rendered":"\n<div class=\"wp-block-group h-statement\"><div class=\"wp-block-group__inner-container is-layout-flow wp-block-group-is-layout-flow\">\n<h2 class=\"has-text-align-center wp-block-heading\">Wir bleiben fokussiert: auf Qualit\u00e4t, Umwelt und Gesundheitsschutz<\/h2>\n<\/div><\/div>\n\n\n\n<div class=\"wp-block-columns are-vertically-aligned-center h-group-left is-layout-flex wp-container-core-columns-is-layout-9d6595d7 wp-block-columns-is-layout-flex\">\n<div class=\"wp-block-column is-vertically-aligned-center is-layout-flow wp-block-column-is-layout-flow\" style=\"flex-basis:67%\">\n<h3 class=\"wp-block-heading\">Qualit\u00e4tsmanagementsystem<\/h3>\n\n\n\n<p>Die modernen Produktionsanlagen, pr\u00e4zisen Messger\u00e4te, Pr\u00fcfeinrichtungen und Pr\u00fcfmittel von RDCS sind die Basis f\u00fcr die gleichbleibend hohe Qualit\u00e4t unserer Produkte.<\/p>\n\n\n\n<p>Die eigene Entwicklung vom Produktdesign bis zur Vermarktung sowie schlanke Vertriebsstrukturen erm\u00f6glichen es uns, einen l\u00fcckenlosen Prozessablauf zu gew\u00e4hrleisten, um die hohen Qualit\u00e4tsanforderungen und -standards zu erf\u00fcllen, die von unseren Kunden zu Recht erwartet werden.<\/p>\n\n\n\n<p>Es ist daher selbstverst\u00e4ndlich, dass unser Managementsystem zur Qualit\u00e4tssicherung regelm\u00e4\u00dfig auditiert und nach der international anerkannten Norm <strong>ISO 9001:2015<\/strong> zertifiziert wird.<\/p>\n\n\n\n<div class=\"wp-block-buttons is-layout-flex wp-block-buttons-is-layout-flex\">\n<div class=\"wp-block-button\"><a class=\"wp-block-button__link\" href=\"http:\/\/www.rdcs.eu\/wp-content\/uploads\/2022\/09\/ISO9001-ZERTIFIKAT_RDCS_GUeLTIG-BIS-20221205.pdf\" target=\"_blank\" rel=\"noreferrer noopener\">ISO 9001-Zertifikat<\/a><\/div>\n<\/div>\n<\/div>\n\n\n\n<div class=\"wp-block-column is-vertically-aligned-center is-layout-flow wp-block-column-is-layout-flow\" style=\"flex-basis:33%\"><div class=\"wp-block-image\">\n<figure class=\"alignright size-large\"><img loading=\"lazy\" decoding=\"async\" width=\"1024\" height=\"722\" src=\"http:\/\/web.rdcs.eu\/wp-content\/uploads\/2022\/09\/RDCS-Zertifikat_ISO-9001-1024x722.png\" alt=\"\" class=\"wp-image-4238\" srcset=\"https:\/\/www.rdcs.eu\/wp-content\/uploads\/2022\/09\/RDCS-Zertifikat_ISO-9001-1024x722.png 1024w, https:\/\/www.rdcs.eu\/wp-content\/uploads\/2022\/09\/RDCS-Zertifikat_ISO-9001-300x212.png 300w, https:\/\/www.rdcs.eu\/wp-content\/uploads\/2022\/09\/RDCS-Zertifikat_ISO-9001-768x542.png 768w, https:\/\/www.rdcs.eu\/wp-content\/uploads\/2022\/09\/RDCS-Zertifikat_ISO-9001-320x226.png 320w, https:\/\/www.rdcs.eu\/wp-content\/uploads\/2022\/09\/RDCS-Zertifikat_ISO-9001-480x339.png 480w, https:\/\/www.rdcs.eu\/wp-content\/uploads\/2022\/09\/RDCS-Zertifikat_ISO-9001-800x564.png 800w, https:\/\/www.rdcs.eu\/wp-content\/uploads\/2022\/09\/RDCS-Zertifikat_ISO-9001.png 1297w\" sizes=\"auto, (max-width: 1024px) 100vw, 1024px\" \/><\/figure>\n<\/div><\/div>\n<\/div>\n\n\n\n<div class=\"wp-block-columns are-vertically-aligned-center h-group-right is-layout-flex wp-container-core-columns-is-layout-9d6595d7 wp-block-columns-is-layout-flex\">\n<div class=\"wp-block-column is-vertically-aligned-center is-layout-flow wp-block-column-is-layout-flow\" style=\"flex-basis:33%\"><div class=\"wp-block-image\">\n<figure class=\"alignleft size-large\"><img loading=\"lazy\" decoding=\"async\" width=\"1024\" height=\"724\" src=\"http:\/\/web.rdcs.eu\/wp-content\/uploads\/2022\/09\/RDCS-Zertifikat_ISO-14001-1024x724.png\" alt=\"\" class=\"wp-image-4239\" srcset=\"https:\/\/www.rdcs.eu\/wp-content\/uploads\/2022\/09\/RDCS-Zertifikat_ISO-14001-1024x724.png 1024w, https:\/\/www.rdcs.eu\/wp-content\/uploads\/2022\/09\/RDCS-Zertifikat_ISO-14001-300x212.png 300w, https:\/\/www.rdcs.eu\/wp-content\/uploads\/2022\/09\/RDCS-Zertifikat_ISO-14001-768x543.png 768w, https:\/\/www.rdcs.eu\/wp-content\/uploads\/2022\/09\/RDCS-Zertifikat_ISO-14001-320x226.png 320w, https:\/\/www.rdcs.eu\/wp-content\/uploads\/2022\/09\/RDCS-Zertifikat_ISO-14001-480x339.png 480w, https:\/\/www.rdcs.eu\/wp-content\/uploads\/2022\/09\/RDCS-Zertifikat_ISO-14001-800x565.png 800w, https:\/\/www.rdcs.eu\/wp-content\/uploads\/2022\/09\/RDCS-Zertifikat_ISO-14001.png 1296w\" sizes=\"auto, (max-width: 1024px) 100vw, 1024px\" \/><\/figure>\n<\/div><\/div>\n\n\n\n<div class=\"wp-block-column is-vertically-aligned-center is-layout-flow wp-block-column-is-layout-flow\" style=\"flex-basis:67%\">\n<h3 class=\"wp-block-heading\">Umweltmanagementsystem<\/h3>\n\n\n\n<p>Klimawandel und gesetzliche Anforderungen bringen steigende Erwartungen an das Umweltmanagement jedes Unternehmens mit sich. Mit der Zertifizierung nach dem Umweltstandard <strong>ISO 14001:2015<\/strong> setzen wir ein starkes Signal und zeigen, dass wir Wert auf einen verantwortungsbewussten Umgang mit den begrenzten nat\u00fcrlichen Ressourcen legen.<\/p>\n\n\n\n<div class=\"wp-block-buttons is-layout-flex wp-block-buttons-is-layout-flex\">\n<div class=\"wp-block-button\"><a class=\"wp-block-button__link\" href=\"http:\/\/www.rdcs.eu\/wp-content\/uploads\/2022\/09\/RDCS_ISO14001-2015_Zertifikat_2024-12-09_DE.pdf\" target=\"_blank\" rel=\"noreferrer noopener\">ISO 14001-Zertifikat<\/a><\/div>\n<\/div>\n<\/div>\n<\/div>\n\n\n\n<div class=\"wp-block-columns are-vertically-aligned-center h-group-left is-layout-flex wp-container-core-columns-is-layout-9d6595d7 wp-block-columns-is-layout-flex\">\n<div class=\"wp-block-column is-vertically-aligned-center is-layout-flow wp-block-column-is-layout-flow\" style=\"flex-basis:67%\">\n<h3 class=\"wp-block-heading\">Managementsystem f\u00fcr Gesundheit und Sicherheit am Arbeitsplatz<\/h3>\n\n\n\n<p>H\u00f6chste Qualit\u00e4t ist jedoch nicht nur bei unseren Prozessen und Produkten wichtig. Da jeder einzelne Mitarbeiter unseres Unternehmens eine Schl\u00fcsselrolle f\u00fcr den Erfolg von RDCS spielt, wird die Vorsorge gegen Unf\u00e4lle und arbeitsbedingte k\u00f6rperliche Beschwerden bis hin zur Arbeits- oder Berufsunf\u00e4higkeit von Fachpersonal und Sicherheitsfachkr\u00e4ften st\u00e4ndig \u00fcberpr\u00fcft und angepasst.<\/p>\n\n\n\n<p>Daher minimieren wir die betrieblichen Risiken f\u00fcr unsere Mitarbeiter und sorgen f\u00fcr einen umfassenden, zeitgem\u00e4\u00dfen Arbeits- und Gesundheitsschutz, was durch die Zertifizierung nach <strong>ISO 45001:2018<\/strong> (ehemals OHSAS 18001) best\u00e4tigt wird.<\/p>\n\n\n\n<div class=\"wp-block-buttons is-layout-flex wp-block-buttons-is-layout-flex\">\n<div class=\"wp-block-button\"><a class=\"wp-block-button__link\" href=\"http:\/\/www.rdcs.eu\/wp-content\/uploads\/2022\/09\/RDCS_ISO45001-2018_Zertifikat_2025-01-23_DE.pdf\" target=\"_blank\" rel=\"noreferrer noopener\">ISO 45001-Zertifikat<\/a><\/div>\n<\/div>\n<\/div>\n\n\n\n<div class=\"wp-block-column is-vertically-aligned-center is-layout-flow wp-block-column-is-layout-flow\" style=\"flex-basis:33%\"><div class=\"wp-block-image\">\n<figure class=\"alignright size-large\"><img loading=\"lazy\" decoding=\"async\" width=\"1024\" height=\"729\" src=\"http:\/\/web.rdcs.eu\/wp-content\/uploads\/2022\/09\/RDCS-Zertifikat01-1024x729.png\" alt=\"\" class=\"wp-image-4234\" srcset=\"https:\/\/www.rdcs.eu\/wp-content\/uploads\/2022\/09\/RDCS-Zertifikat01-1024x729.png 1024w, https:\/\/www.rdcs.eu\/wp-content\/uploads\/2022\/09\/RDCS-Zertifikat01-300x213.png 300w, https:\/\/www.rdcs.eu\/wp-content\/uploads\/2022\/09\/RDCS-Zertifikat01-768x546.png 768w, https:\/\/www.rdcs.eu\/wp-content\/uploads\/2022\/09\/RDCS-Zertifikat01-320x228.png 320w, https:\/\/www.rdcs.eu\/wp-content\/uploads\/2022\/09\/RDCS-Zertifikat01-480x342.png 480w, https:\/\/www.rdcs.eu\/wp-content\/uploads\/2022\/09\/RDCS-Zertifikat01-800x569.png 800w, https:\/\/www.rdcs.eu\/wp-content\/uploads\/2022\/09\/RDCS-Zertifikat01.png 1307w\" sizes=\"auto, (max-width: 1024px) 100vw, 1024px\" \/><\/figure>\n<\/div><\/div>\n<\/div>\n","protected":false},"excerpt":{"rendered":"<p>Wir bleiben fokussiert: auf Qualit\u00e4t, Umwelt und Gesundheitsschutz Qualit\u00e4tsmanagementsystem Die modernen Produktionsanlagen, pr\u00e4zisen Messger\u00e4te, Pr\u00fcfeinrichtungen und Pr\u00fcfmittel von RDCS sind die Basis f\u00fcr die gleichbleibend hohe Qualit\u00e4t unserer Produkte. Die eigene Entwicklung vom Produktdesign bis zur Vermarktung sowie schlanke Vertriebsstrukturen erm\u00f6glichen es uns, einen l\u00fcckenlosen Prozessablauf zu gew\u00e4hrleisten, um die hohen Qualit\u00e4tsanforderungen und -standards zu [&hellip;]<\/p>\n","protected":false},"author":1,"featured_media":1672,"parent":2992,"menu_order":0,"comment_status":"closed","ping_status":"closed","template":"page-company.php","meta":{"_oasis_is_in_workflow":0,"_oasis_original":0,"om_disable_all_campaigns":false,"_mi_skip_tracking":false,"_monsterinsights_sitenote_active":false,"_monsterinsights_sitenote_note":"","_monsterinsights_sitenote_category":0,"footnotes":""},"class_list":["post-3002","page","type-page","status-publish","has-post-thumbnail","hentry"],"aioseo_notices":[],"lang":"de","translations":{"de":3002,"en":472},"pll_sync_post":[],"_links":{"self":[{"href":"https:\/\/www.rdcs.eu\/index.php?rest_route=\/wp\/v2\/pages\/3002","targetHints":{"allow":["GET"]}}],"collection":[{"href":"https:\/\/www.rdcs.eu\/index.php?rest_route=\/wp\/v2\/pages"}],"about":[{"href":"https:\/\/www.rdcs.eu\/index.php?rest_route=\/wp\/v2\/types\/page"}],"author":[{"embeddable":true,"href":"https:\/\/www.rdcs.eu\/index.php?rest_route=\/wp\/v2\/users\/1"}],"replies":[{"embeddable":true,"href":"https:\/\/www.rdcs.eu\/index.php?rest_route=%2Fwp%2Fv2%2Fcomments&post=3002"}],"version-history":[{"count":8,"href":"https:\/\/www.rdcs.eu\/index.php?rest_route=\/wp\/v2\/pages\/3002\/revisions"}],"predecessor-version":[{"id":4737,"href":"https:\/\/www.rdcs.eu\/index.php?rest_route=\/wp\/v2\/pages\/3002\/revisions\/4737"}],"up":[{"embeddable":true,"href":"https:\/\/www.rdcs.eu\/index.php?rest_route=\/wp\/v2\/pages\/2992"}],"wp:featuredmedia":[{"embeddable":true,"href":"https:\/\/www.rdcs.eu\/index.php?rest_route=\/wp\/v2\/media\/1672"}],"wp:attachment":[{"href":"https:\/\/www.rdcs.eu\/index.php?rest_route=%2Fwp%2Fv2%2Fmedia&parent=3002"}],"curies":[{"name":"wp","href":"https:\/\/api.w.org\/{rel}","templated":true}]}}