{"id":2992,"date":"2021-10-06T14:28:50","date_gmt":"2021-10-06T12:28:50","guid":{"rendered":"http:\/\/www.timeserver.eu\/?page_id=2992"},"modified":"2022-09-18T11:36:41","modified_gmt":"2022-09-18T09:36:41","slug":"nachhaltigkeit-und-verantwortung","status":"publish","type":"page","link":"https:\/\/www.rdcs.eu\/?page_id=2992","title":{"rendered":"Nachhaltigkeit &#038; Verantwortung"},"content":{"rendered":"\n<div class=\"wp-block-group h-statement\"><div class=\"wp-block-group__inner-container is-layout-flow wp-block-group-is-layout-flow\">\n<h2 class=\"has-text-align-center wp-block-heading\">Nachhaltigkeit &amp; Verantwortung<\/h2>\n\n\n\n<p class=\"has-text-align-left\">Da jeder einzelne Mitarbeiter unseres Unternehmens eine Schl\u00fcsselrolle f\u00fcr den Erfolg von RDCS spielt, respektieren wir die W\u00fcrde und Rechte jedes Einzelnen sowie die kulturelle, ethische und gesellschaftspolitische Vielfalt der Nationen und Kulturen, mit denen wir oder unsere Vertreter Gesch\u00e4ftsbeziehungen unterhalten.<\/p>\n\n\n\n<p class=\"has-text-align-left\">Neben Qualit\u00e4ts- und Menschenrechtsaspekten ist unser Ziel die F\u00f6rderung und St\u00e4rkung des Verantwortungs- und Umweltbewusstseins unserer Mitarbeiter, die kontinuierliche \u00dcberwachung und Optimierung des Material- und Energieeinsatzes sowie die sorgf\u00e4ltige Gestaltung und Planung aller Arbeitspl\u00e4tze und Produktionsabl\u00e4ufe im Hinblick auf die relevanten Umweltelemente.<\/p>\n<\/div><\/div>\n\n\n\n<figure class=\"wp-block-gallery columns-3 is-cropped hopf-big-gallery\">\n<ul class=\"blocks-gallery-grid\">\n  <li class=\"blocks-gallery-item\">\n    <figure>\n      <a href=\"https:\/\/www.rdcs.eu\/?page_id=3002&amp;lang=de\">\n        <img decoding=\"async\" src=\"\/wp-content\/uploads\/2021\/03\/QUALITY_ISO-CERTIFIED_HOPF-ELEKTRONIK-GMBH_TIME-REFERENCE-SYSTEMS_GPS-CLOCK-SYSTEMS-e1618468012965-1024x635.jpeg\">\n      <\/a>\n      <figcaption class=\"blocks-gallery-item__caption\">ISO Zertifikate von RDCS Informationstechnologie GmbH<\/figcaption>\n    <\/figure>\n  <\/li>\n <li >\n   ISO Zertifikate von RDCS Informationstechnologie GmbH\n  \n  <\/li>\n  <li class=\"blocks-gallery-item\">\n    <figure>\n      <a href=\"https:\/\/www.rdcs.eu\/?page_id=3005&amp;lang=de\">\n        <img decoding=\"async\" src=\"\/wp-content\/uploads\/2021\/04\/SAFE-WORKPLACE_SAFETY-AT-WORK_HOPF-ELEKTRONIK-GMBH_TIME-REFERENCE-SYSTEMS_GPS-CLOCK-SYSTEMS-1024x538.jpeg\">\n      <\/a>\n      <figcaption class=\"blocks-gallery-item__caption\">Sicherheit, Gesundheit &amp; Menschenrechte<\/figcaption>\n    <\/figure>\n  <\/li>\n<\/ul>\n<\/figure>\n","protected":false},"excerpt":{"rendered":"<p>Nachhaltigkeit &amp; Verantwortung Da jeder einzelne Mitarbeiter unseres Unternehmens eine Schl\u00fcsselrolle f\u00fcr den Erfolg von RDCS spielt, respektieren wir die W\u00fcrde und Rechte jedes Einzelnen sowie die kulturelle, ethische und gesellschaftspolitische Vielfalt der Nationen und Kulturen, mit denen wir oder unsere Vertreter Gesch\u00e4ftsbeziehungen unterhalten. Neben Qualit\u00e4ts- und Menschenrechtsaspekten ist unser Ziel die F\u00f6rderung und St\u00e4rkung [&hellip;]<\/p>\n","protected":false},"author":1,"featured_media":894,"parent":2181,"menu_order":0,"comment_status":"closed","ping_status":"closed","template":"page-company.php","meta":{"_oasis_is_in_workflow":0,"_oasis_original":0,"om_disable_all_campaigns":false,"_mi_skip_tracking":false,"_monsterinsights_sitenote_active":false,"_monsterinsights_sitenote_note":"","_monsterinsights_sitenote_category":0,"footnotes":""},"class_list":["post-2992","page","type-page","status-publish","has-post-thumbnail","hentry"],"aioseo_notices":[],"lang":"de","translations":{"de":2992,"en":459},"pll_sync_post":[],"_links":{"self":[{"href":"https:\/\/www.rdcs.eu\/index.php?rest_route=\/wp\/v2\/pages\/2992","targetHints":{"allow":["GET"]}}],"collection":[{"href":"https:\/\/www.rdcs.eu\/index.php?rest_route=\/wp\/v2\/pages"}],"about":[{"href":"https:\/\/www.rdcs.eu\/index.php?rest_route=\/wp\/v2\/types\/page"}],"author":[{"embeddable":true,"href":"https:\/\/www.rdcs.eu\/index.php?rest_route=\/wp\/v2\/users\/1"}],"replies":[{"embeddable":true,"href":"https:\/\/www.rdcs.eu\/index.php?rest_route=%2Fwp%2Fv2%2Fcomments&post=2992"}],"version-history":[{"count":19,"href":"https:\/\/www.rdcs.eu\/index.php?rest_route=\/wp\/v2\/pages\/2992\/revisions"}],"predecessor-version":[{"id":4734,"href":"https:\/\/www.rdcs.eu\/index.php?rest_route=\/wp\/v2\/pages\/2992\/revisions\/4734"}],"up":[{"embeddable":true,"href":"https:\/\/www.rdcs.eu\/index.php?rest_route=\/wp\/v2\/pages\/2181"}],"wp:featuredmedia":[{"embeddable":true,"href":"https:\/\/www.rdcs.eu\/index.php?rest_route=\/wp\/v2\/media\/894"}],"wp:attachment":[{"href":"https:\/\/www.rdcs.eu\/index.php?rest_route=%2Fwp%2Fv2%2Fmedia&parent=2992"}],"curies":[{"name":"wp","href":"https:\/\/api.w.org\/{rel}","templated":true}]}}