{"id":2970,"date":"2021-10-06T13:58:29","date_gmt":"2021-10-06T11:58:29","guid":{"rendered":"http:\/\/www.timeserver.eu\/?page_id=2970"},"modified":"2022-09-18T11:22:11","modified_gmt":"2022-09-18T09:22:11","slug":"management-und-team","status":"publish","type":"page","link":"https:\/\/www.rdcs.eu\/?page_id=2970","title":{"rendered":"Management &#038; Team"},"content":{"rendered":"\n<div class=\"wp-block-group h-statement\"><div class=\"wp-block-group__inner-container is-layout-flow wp-block-group-is-layout-flow\">\n<h2 class=\"has-text-align-center wp-block-heading\"><strong>Enthusiastische Menschen arbeiten f\u00fcr au\u00dfergew\u00f6hnliche Kunden!<\/strong><\/h2>\n<\/div><\/div>\n\n\n\n<div class=\"wp-block-columns are-vertically-aligned-center h-group-left is-layout-flex wp-container-core-columns-is-layout-9d6595d7 wp-block-columns-is-layout-flex\">\n<div class=\"wp-block-column is-vertically-aligned-center is-layout-flow wp-block-column-is-layout-flow\" style=\"flex-basis:67%\">\n<h2 class=\"has-accent-color has-text-color wp-block-heading\"><strong>Management<\/strong><\/h2>\n\n\n\n<p>Die RDCS Gesch\u00e4ftsf\u00fchrung besteht aus Herrn Erich Ruprecht und Herrn Wolfgang Kanovsky. Gemeinsam mit einem professionellen, hochqualifizierten und au\u00dferordentlich motivierten Team sorgen sie daf\u00fcr, dass unser Unternehmen zahlreiche <strong>hochmoderne Signal- und Eisenbahnsicherungstechnik<\/strong> anbietet und mit gro\u00dfer Flexibilit\u00e4t auf individuelle Anforderungen eingehen kann, die zu kundenspezifischen L\u00f6sungen f\u00fchrt.<\/p>\n\n\n\n<p>Sowohl Herr Ruprecht als auch Herr Kanovsky glauben, dass Leidenschaft f\u00fcr das, was wir tun und wer wir sind, unerl\u00e4sslich ist. Sie k\u00fcmmern sich aufrichtig um ihr Team, ihre Produkte und ihre Kunden und bauen ein Unternehmen auf, das Menschen dazu inspiriert, <strong>gemeinsam Gro\u00dfes zu schaffen<\/strong>. Sie sind selbst neugierig darauf, neue Dinge zu lernen und Arbeitsmethoden zu optimieren, und konzentrieren sich daher auf die <strong>Suche nach L\u00f6sungen<\/strong>, nicht nach Problemen.<\/p>\n<\/div>\n\n\n\n<div class=\"wp-block-column is-vertically-aligned-center is-layout-flow wp-block-column-is-layout-flow\" style=\"flex-basis:33%\"><div class=\"wp-block-image\">\n<figure class=\"alignright size-large\"><img loading=\"lazy\" decoding=\"async\" width=\"1024\" height=\"980\" src=\"http:\/\/www.timeserver.eu\/wp-content\/uploads\/2021\/02\/lead_edit-1024x980.jpg\" alt=\"\" class=\"wp-image-253\" srcset=\"https:\/\/www.rdcs.eu\/wp-content\/uploads\/2021\/02\/lead_edit-1024x980.jpg 1024w, https:\/\/www.rdcs.eu\/wp-content\/uploads\/2021\/02\/lead_edit-300x287.jpg 300w, https:\/\/www.rdcs.eu\/wp-content\/uploads\/2021\/02\/lead_edit-768x735.jpg 768w, https:\/\/www.rdcs.eu\/wp-content\/uploads\/2021\/02\/lead_edit.jpg 1335w\" sizes=\"auto, (max-width: 1024px) 100vw, 1024px\" \/><\/figure>\n<\/div><\/div>\n<\/div>\n\n\n\n<div class=\"wp-block-columns are-vertically-aligned-center h-group-right is-layout-flex wp-container-core-columns-is-layout-9d6595d7 wp-block-columns-is-layout-flex\">\n<div class=\"wp-block-column is-vertically-aligned-center is-layout-flow wp-block-column-is-layout-flow\" style=\"flex-basis:33%\"><div class=\"wp-block-image\">\n<figure class=\"alignleft size-large\"><img loading=\"lazy\" decoding=\"async\" width=\"1024\" height=\"682\" src=\"http:\/\/web.rdcs.eu\/wp-content\/uploads\/2022\/09\/RDCS-Team01-1024x682.jpg\" alt=\"\" class=\"wp-image-4223\" srcset=\"https:\/\/www.rdcs.eu\/wp-content\/uploads\/2022\/09\/RDCS-Team01-1024x682.jpg 1024w, https:\/\/www.rdcs.eu\/wp-content\/uploads\/2022\/09\/RDCS-Team01-300x200.jpg 300w, https:\/\/www.rdcs.eu\/wp-content\/uploads\/2022\/09\/RDCS-Team01-768x511.jpg 768w, https:\/\/www.rdcs.eu\/wp-content\/uploads\/2022\/09\/RDCS-Team01-1536x1022.jpg 1536w, https:\/\/www.rdcs.eu\/wp-content\/uploads\/2022\/09\/RDCS-Team01-320x213.jpg 320w, https:\/\/www.rdcs.eu\/wp-content\/uploads\/2022\/09\/RDCS-Team01-480x319.jpg 480w, https:\/\/www.rdcs.eu\/wp-content\/uploads\/2022\/09\/RDCS-Team01-800x532.jpg 800w, https:\/\/www.rdcs.eu\/wp-content\/uploads\/2022\/09\/RDCS-Team01.jpg 2048w\" sizes=\"auto, (max-width: 1024px) 100vw, 1024px\" \/><\/figure>\n<\/div><\/div>\n\n\n\n<div class=\"wp-block-column is-layout-flow wp-block-column-is-layout-flow\"><\/div>\n\n\n\n<div class=\"wp-block-column is-layout-flow wp-block-column-is-layout-flow\"><\/div>\n\n\n\n<div class=\"wp-block-column is-vertically-aligned-center is-layout-flow wp-block-column-is-layout-flow\" style=\"flex-basis:67%\">\n<h2 class=\"has-accent-color has-text-color wp-block-heading\"><strong>Team<\/strong><\/h2>\n\n\n\n<p><strong>Wir machen es m\u00f6glich<\/strong>. <\/p>\n\n\n\n<p>Mit langj\u00e4hriger Erfahrung in Verbindung mit einem gro\u00dfen Ideenreichtum. <\/p>\n\n\n\n<p>Unsere schlanke Organisationsstruktur und kurze Kommunikationswege bilden die solide Basis f\u00fcr unseren Qualit\u00e4tsstandard, unsere Effizienz und unsere Leistungsf\u00e4higkeit. Diese Organisationsstruktur in Verbindung mit einer exzellenten Teamarbeit zwischen den Gesch\u00e4ftsbereichen garantiert die h\u00f6chste Qualit\u00e4t unserer Produkte und die Einhaltung der vereinbarten Liefertermine, auch in schwierigen Terminsituationen.<\/p>\n<\/div>\n<\/div>\n","protected":false},"excerpt":{"rendered":"<p>Enthusiastische Menschen arbeiten f\u00fcr au\u00dfergew\u00f6hnliche Kunden! Management Die RDCS Gesch\u00e4ftsf\u00fchrung besteht aus Herrn Erich Ruprecht und Herrn Wolfgang Kanovsky. Gemeinsam mit einem professionellen, hochqualifizierten und au\u00dferordentlich motivierten Team sorgen sie daf\u00fcr, dass unser Unternehmen zahlreiche hochmoderne Signal- und Eisenbahnsicherungstechnik anbietet und mit gro\u00dfer Flexibilit\u00e4t auf individuelle Anforderungen eingehen kann, die zu kundenspezifischen L\u00f6sungen f\u00fchrt. Sowohl [&hellip;]<\/p>\n","protected":false},"author":1,"featured_media":1116,"parent":2181,"menu_order":0,"comment_status":"closed","ping_status":"closed","template":"page-company.php","meta":{"_oasis_is_in_workflow":0,"_oasis_original":0,"om_disable_all_campaigns":false,"_mi_skip_tracking":false,"_monsterinsights_sitenote_active":false,"_monsterinsights_sitenote_note":"","_monsterinsights_sitenote_category":0,"footnotes":""},"class_list":["post-2970","page","type-page","status-publish","has-post-thumbnail","hentry"],"aioseo_notices":[],"lang":"de","translations":{"de":2970,"en":409},"pll_sync_post":[],"_links":{"self":[{"href":"https:\/\/www.rdcs.eu\/index.php?rest_route=\/wp\/v2\/pages\/2970","targetHints":{"allow":["GET"]}}],"collection":[{"href":"https:\/\/www.rdcs.eu\/index.php?rest_route=\/wp\/v2\/pages"}],"about":[{"href":"https:\/\/www.rdcs.eu\/index.php?rest_route=\/wp\/v2\/types\/page"}],"author":[{"embeddable":true,"href":"https:\/\/www.rdcs.eu\/index.php?rest_route=\/wp\/v2\/users\/1"}],"replies":[{"embeddable":true,"href":"https:\/\/www.rdcs.eu\/index.php?rest_route=%2Fwp%2Fv2%2Fcomments&post=2970"}],"version-history":[{"count":9,"href":"https:\/\/www.rdcs.eu\/index.php?rest_route=\/wp\/v2\/pages\/2970\/revisions"}],"predecessor-version":[{"id":4715,"href":"https:\/\/www.rdcs.eu\/index.php?rest_route=\/wp\/v2\/pages\/2970\/revisions\/4715"}],"up":[{"embeddable":true,"href":"https:\/\/www.rdcs.eu\/index.php?rest_route=\/wp\/v2\/pages\/2181"}],"wp:featuredmedia":[{"embeddable":true,"href":"https:\/\/www.rdcs.eu\/index.php?rest_route=\/wp\/v2\/media\/1116"}],"wp:attachment":[{"href":"https:\/\/www.rdcs.eu\/index.php?rest_route=%2Fwp%2Fv2%2Fmedia&parent=2970"}],"curies":[{"name":"wp","href":"https:\/\/api.w.org\/{rel}","templated":true}]}}