{"id":2841,"date":"2022-09-06T09:10:10","date_gmt":"2022-09-06T07:10:10","guid":{"rendered":"http:\/\/www.timeserver.eu\/?page_id=2841"},"modified":"2022-09-25T19:48:15","modified_gmt":"2022-09-25T17:48:15","slug":"neuigkeiten","status":"publish","type":"page","link":"https:\/\/www.rdcs.eu\/?page_id=2841","title":{"rendered":"NEUIGKEITEN"},"content":{"rendered":"\n<div class=\"wp-block-group h-statement\"><div class=\"wp-block-group__inner-container is-layout-flow wp-block-group-is-layout-flow\">\n<p>Erhalten Sie hier die neuesten Nachrichten rund um RDCS.<\/p>\n<\/div><\/div>\n\n\n<div class=\"h-post-query\"><ul class=\"post-preview-list\">        <li class=\"post-preview\">\n            <a class=\"post-preview-image\" href=\"https:\/\/www.rdcs.eu\/?p=2844\"><img loading=\"lazy\" decoding=\"async\" width=\"1600\" height=\"1067\" src=\"https:\/\/www.rdcs.eu\/wp-content\/uploads\/2021\/10\/pexels-brett-sayles-1115358.jpg\" class=\"attachment-post-thumbnail size-post-thumbnail wp-post-image\" alt=\"\" srcset=\"https:\/\/www.rdcs.eu\/wp-content\/uploads\/2021\/10\/pexels-brett-sayles-1115358.jpg 1600w, https:\/\/www.rdcs.eu\/wp-content\/uploads\/2021\/10\/pexels-brett-sayles-1115358-300x200.jpg 300w, https:\/\/www.rdcs.eu\/wp-content\/uploads\/2021\/10\/pexels-brett-sayles-1115358-1024x683.jpg 1024w, https:\/\/www.rdcs.eu\/wp-content\/uploads\/2021\/10\/pexels-brett-sayles-1115358-768x512.jpg 768w, https:\/\/www.rdcs.eu\/wp-content\/uploads\/2021\/10\/pexels-brett-sayles-1115358-1536x1024.jpg 1536w\" sizes=\"auto, (max-width: 1600px) 100vw, 1600px\" \/><\/a>\n            <div class=\"post-preview-infos\">\n                <h2 class=\"post-preview-title\"><a href=\"https:\/\/www.rdcs.eu\/?p=2844\">RDCS nimmt an der INNOTRANS 2022 teil (Deutsch)<\/a><\/h2>\n                <p class=\"post-preview-content\">INNOTRANS BERLIN 2022 \u00dcber INNOTRANS Die INNOTRANS in Berlin findet normalerweise im 2 Jahres Rhythmus statt und ist DAS Highlight und die international gr\u00f6\u00dfte Messe der Eisenbahnbranche. Es freut uns von RDCS daher sehr, dass wir heuer auf dem Gruppenstand der \u00d6sterreichischen Wirtschaft nach der Coronaunterbrechung mit dabei sind und unsere innovativen Produkte der \u00d6ffentlichkeit [&hellip;]<\/p>\n                <p class=\"post-preview-footer\">\n                    <a href=\"https:\/\/www.rdcs.eu\/?p=2844\">Read more<\/a>\n                    <span class=\"post-preview-date\">6. September 2022<\/span>                <\/p>\n            <\/div>\n        <\/li>\n    <\/ul><\/div>\n\n\n\n<p><\/p>\n","protected":false},"excerpt":{"rendered":"<p>Erhalten Sie hier die neuesten Nachrichten rund um RDCS.<\/p>\n","protected":false},"author":1,"featured_media":0,"parent":0,"menu_order":0,"comment_status":"closed","ping_status":"closed","template":"","meta":{"_oasis_is_in_workflow":0,"_oasis_original":0,"om_disable_all_campaigns":false,"_mi_skip_tracking":false,"_monsterinsights_sitenote_active":false,"_monsterinsights_sitenote_note":"","_monsterinsights_sitenote_category":0,"footnotes":""},"class_list":["post-2841","page","type-page","status-publish","hentry"],"aioseo_notices":[],"lang":"de","translations":{"de":2841,"en":2818},"pll_sync_post":[],"_links":{"self":[{"href":"https:\/\/www.rdcs.eu\/index.php?rest_route=\/wp\/v2\/pages\/2841","targetHints":{"allow":["GET"]}}],"collection":[{"href":"https:\/\/www.rdcs.eu\/index.php?rest_route=\/wp\/v2\/pages"}],"about":[{"href":"https:\/\/www.rdcs.eu\/index.php?rest_route=\/wp\/v2\/types\/page"}],"author":[{"embeddable":true,"href":"https:\/\/www.rdcs.eu\/index.php?rest_route=\/wp\/v2\/users\/1"}],"replies":[{"embeddable":true,"href":"https:\/\/www.rdcs.eu\/index.php?rest_route=%2Fwp%2Fv2%2Fcomments&post=2841"}],"version-history":[{"count":22,"href":"https:\/\/www.rdcs.eu\/index.php?rest_route=\/wp\/v2\/pages\/2841\/revisions"}],"predecessor-version":[{"id":4818,"href":"https:\/\/www.rdcs.eu\/index.php?rest_route=\/wp\/v2\/pages\/2841\/revisions\/4818"}],"wp:attachment":[{"href":"https:\/\/www.rdcs.eu\/index.php?rest_route=%2Fwp%2Fv2%2Fmedia&parent=2841"}],"curies":[{"name":"wp","href":"https:\/\/api.w.org\/{rel}","templated":true}]}}