{"id":2115,"date":"2021-09-23T15:57:49","date_gmt":"2021-09-23T13:57:49","guid":{"rendered":"http:\/\/www.timeserver.eu\/?page_id=2115"},"modified":"2022-09-15T20:47:37","modified_gmt":"2022-09-15T18:47:37","slug":"kontaktformular","status":"publish","type":"page","link":"https:\/\/www.rdcs.eu\/?page_id=2115","title":{"rendered":"Kontaktformular"},"content":{"rendered":"\n<div class=\"wp-block-contact-form-7-contact-form-selector\">\n<div class=\"wpcf7 no-js\" id=\"wpcf7-f4520-o1\" lang=\"de-AT\" dir=\"ltr\">\n<div class=\"screen-reader-response\"><p role=\"status\" aria-live=\"polite\" aria-atomic=\"true\"><\/p> <ul><\/ul><\/div>\n<form action=\"\/index.php?rest_route=%2Fwp%2Fv2%2Fpages%2F2115#wpcf7-f4520-o1\" method=\"post\" class=\"wpcf7-form init\" aria-label=\"Contact form\" novalidate=\"novalidate\" data-status=\"init\">\n<div style=\"display: none;\">\n<input type=\"hidden\" name=\"_wpcf7\" value=\"4520\" \/>\n<input type=\"hidden\" name=\"_wpcf7_version\" value=\"5.7.7\" \/>\n<input type=\"hidden\" name=\"_wpcf7_locale\" value=\"de_AT\" \/>\n<input type=\"hidden\" name=\"_wpcf7_unit_tag\" value=\"wpcf7-f4520-o1\" \/>\n<input type=\"hidden\" name=\"_wpcf7_container_post\" value=\"0\" \/>\n<input type=\"hidden\" name=\"_wpcf7_posted_data_hash\" value=\"\" \/>\n<input type=\"hidden\" name=\"_wpcf7cf_hidden_group_fields\" value=\"[]\" \/>\n<input type=\"hidden\" name=\"_wpcf7cf_hidden_groups\" value=\"[]\" \/>\n<input type=\"hidden\" name=\"_wpcf7cf_visible_groups\" value=\"[]\" \/>\n<input type=\"hidden\" name=\"_wpcf7cf_repeaters\" value=\"[]\" \/>\n<input type=\"hidden\" name=\"_wpcf7cf_steps\" value=\"{}\" \/>\n<input type=\"hidden\" name=\"_wpcf7cf_options\" value=\"{&quot;form_id&quot;:4520,&quot;conditions&quot;:[{&quot;then_field&quot;:&quot;general&quot;,&quot;and_rules&quot;:[{&quot;if_field&quot;:&quot;request-type&quot;,&quot;operator&quot;:&quot;equals&quot;,&quot;if_value&quot;:&quot;Allgemeine Anfrage&quot;}]},{&quot;then_field&quot;:&quot;sales&quot;,&quot;and_rules&quot;:[{&quot;if_field&quot;:&quot;request-type&quot;,&quot;operator&quot;:&quot;equals&quot;,&quot;if_value&quot;:&quot;Vertriebsanfrage&quot;}]},{&quot;then_field&quot;:&quot;support&quot;,&quot;and_rules&quot;:[{&quot;if_field&quot;:&quot;request-type&quot;,&quot;operator&quot;:&quot;equals&quot;,&quot;if_value&quot;:&quot;Supportanfrage&quot;}]}],&quot;settings&quot;:{&quot;animation&quot;:&quot;yes&quot;,&quot;animation_intime&quot;:200,&quot;animation_outtime&quot;:200,&quot;conditions_ui&quot;:&quot;normal&quot;,&quot;notice_dismissed&quot;:false,&quot;notice_dismissed_update-cf7-5.8&quot;:true}}\" \/>\n<input type=\"hidden\" name=\"_wpcf7_recaptcha_response\" value=\"\" \/>\n<\/div>\n<p><label class=\"request-type-label\">Request Type <span class=\"wpcf7-form-control-wrap\" data-name=\"request-type\"><select class=\"wpcf7-form-control wpcf7-select wpcf7-validates-as-required\" aria-required=\"true\" aria-invalid=\"false\" name=\"request-type\"><option value=\"Allgemeine Anfrage\">Allgemeine Anfrage<\/option><option value=\"Vertriebsanfrage\">Vertriebsanfrage<\/option><option value=\"Supportanfrage\">Supportanfrage<\/option><\/select><\/span><\/label>\n<\/p>\n<div class=\"description full-row\">\n\t<div data-id=\"general\" data-orig_data_id=\"general\"  data-class=\"wpcf7cf_group\">\n\t\t<p>Sie haben eine Frage oder ben\u00f6tigen Informationen von uns? Treten Sie mit uns in Verbindung - wir helfen gern!\n\t\t<\/p>\n\t<\/div>\n\t<div data-id=\"sales\" data-orig_data_id=\"sales\"  data-class=\"wpcf7cf_group\">\n\t\t<p>Sie haben eine Frage oder ben\u00f6tigen Informationen \u00fcber Produkte von uns? Treten Sie mit uns in Verbindung - wir helfen gern oder senden Ihnen gern ein Angebot zu!\n\t\t<\/p>\n\t<\/div>\n\t<div data-id=\"support\" data-orig_data_id=\"support\"  data-class=\"wpcf7cf_group\">\n\t\t<p>F\u00fcr Supportanfragen zu hopf Produkten ben\u00f6tigen wir zus\u00e4tzliche Informationen zu den Funkuhren (KN und Seriennummer) von Ihnen!\n\t\t<\/p>\n\t<\/div>\n<\/div>\n<div class=\"wpcf7-response-output\" aria-hidden=\"true\"><\/div>\n<div data-id=\"sales\" data-orig_data_id=\"sales\"  data-class=\"wpcf7cf_group\">\n\t<p class=\"full-row concern-container\">My Concern <span class=\"wpcf7-form-control-wrap\" data-name=\"concern\"><span class=\"wpcf7-form-control wpcf7-radio\"><span class=\"wpcf7-list-item first\"><label><input type=\"radio\" name=\"concern\" value=\"Request for quotation\" checked=\"checked\" \/><span class=\"wpcf7-list-item-label\">Request for quotation<\/span><\/label><\/span><span class=\"wpcf7-list-item\"><label><input type=\"radio\" name=\"concern\" value=\"Question about current order\" \/><span class=\"wpcf7-list-item-label\">Question about current order<\/span><\/label><\/span><span class=\"wpcf7-list-item last\"><label><input type=\"radio\" name=\"concern\" value=\"More product infos\" \/><span class=\"wpcf7-list-item-label\">More product infos<\/span><\/label><\/span><\/span><\/span>\n\t<\/p>\n<\/div>\n<p class=\"full-row\">Salutation <span class=\"wpcf7-form-control-wrap\" data-name=\"salutation\"><span class=\"wpcf7-form-control wpcf7-radio\"><span class=\"wpcf7-list-item first\"><label><input type=\"radio\" name=\"salutation\" value=\"Mr.\" checked=\"checked\" \/><span class=\"wpcf7-list-item-label\">Mr.<\/span><\/label><\/span><span class=\"wpcf7-list-item last\"><label><input type=\"radio\" name=\"salutation\" value=\"Mrs.\" \/><span class=\"wpcf7-list-item-label\">Mrs.<\/span><\/label><\/span><\/span><\/span>\n<\/p>\n<div class=\"name-container\">\n\t<p><label class=\"name\">First Name <span class=\"wpcf7-form-control-wrap\" data-name=\"first-name\"><input size=\"40\" class=\"wpcf7-form-control wpcf7-text wpcf7-validates-as-required\" aria-required=\"true\" aria-invalid=\"false\" value=\"\" type=\"text\" name=\"first-name\" \/><\/span><\/label><label class=\"name\">Last Name <span class=\"wpcf7-form-control-wrap\" data-name=\"last-name\"><input size=\"40\" class=\"wpcf7-form-control wpcf7-text wpcf7-validates-as-required\" aria-required=\"true\" aria-invalid=\"false\" value=\"\" type=\"text\" name=\"last-name\" \/><\/span><\/label>\n\t<\/p>\n<\/div>\n<p><label>Email <span class=\"wpcf7-form-control-wrap\" data-name=\"email\"><input size=\"40\" class=\"wpcf7-form-control wpcf7-text wpcf7-email wpcf7-validates-as-required wpcf7-validates-as-email\" aria-required=\"true\" aria-invalid=\"false\" value=\"\" type=\"email\" name=\"email\" \/><\/span><\/label>\n<\/p>\n<p><label>Phone Number (Optional) <span class=\"wpcf7-form-control-wrap\" data-name=\"phone-number\"><input size=\"40\" class=\"wpcf7-form-control wpcf7-text wpcf7-tel wpcf7-validates-as-tel\" aria-invalid=\"false\" value=\"\" type=\"tel\" name=\"phone-number\" \/><\/span><\/label>\n<\/p>\n<p><label>Company Name <span class=\"wpcf7-form-control-wrap\" data-name=\"company-name\"><input size=\"40\" class=\"wpcf7-form-control wpcf7-text wpcf7-validates-as-required\" aria-required=\"true\" aria-invalid=\"false\" value=\"\" type=\"text\" name=\"company-name\" \/><\/span><\/label>\n<\/p>\n<p><label>Department <span class=\"wpcf7-form-control-wrap\" data-name=\"department\"><input size=\"40\" class=\"wpcf7-form-control wpcf7-text wpcf7-validates-as-required\" aria-required=\"true\" aria-invalid=\"false\" value=\"\" type=\"text\" name=\"department\" \/><\/span><\/label>\n<\/p>\n<p><label>Job Function <span class=\"wpcf7-form-control-wrap\" data-name=\"job-function\"><input size=\"40\" class=\"wpcf7-form-control wpcf7-text wpcf7-validates-as-required\" aria-required=\"true\" aria-invalid=\"false\" value=\"\" type=\"text\" name=\"job-function\" \/><\/span><\/label>\n<\/p>\n<p class=\"full-row\"><label>Company Address <span class=\"wpcf7-form-control-wrap\" data-name=\"company-address\"><input size=\"40\" class=\"wpcf7-form-control wpcf7-text wpcf7-validates-as-required\" id=\"h-address\" aria-required=\"true\" aria-invalid=\"false\" value=\"\" type=\"text\" name=\"company-address\" \/><\/span><\/label><span class=\"field-info\"><svg class=\"svg-inline--fa fa-info-circle fa-w-16\" aria-hidden=\"true\" focusable=\"false\" data-prefix=\"fas\" data-icon=\"info-circle\" role=\"img\" xmlns=\"http:\/\/www.w3.org\/2000\/svg\" viewBox=\"0 0 512 512\" data-fa-i2svg=\"\"><path fill=\"currentColor\" d=\"M256 8C119.043 8 8 119.083 8 256c0 136.997 111.043 248 248 248s248-111.003 248-248C504 119.083 392.957 8 256 8zm0 110c23.196 0 42 18.804 42 42s-18.804 42-42 42-42-18.804-42-42 18.804-42 42-42zm56 254c0 6.627-5.373 12-12 12h-88c-6.627 0-12-5.373-12-12v-24c0-6.627 5.373-12 12-12h12v-64h-12c-6.627 0-12-5.373-12-12v-24c0-6.627 5.373-12 12-12h64c6.627 0 12 5.373 12 12v100h12c6.627 0 12 5.373 12 12v24z\"><\/path><\/svg> A valid address must include a street number, street name, zip code, location and country<\/span>\n<\/p>\n<p class=\"full-row\"><label>Project Name (Optional) <span class=\"wpcf7-form-control-wrap\" data-name=\"project-name\"><input size=\"40\" class=\"wpcf7-form-control wpcf7-text\" aria-invalid=\"false\" value=\"\" type=\"text\" name=\"project-name\" \/><\/span><\/label>\n<\/p>\n<div data-id=\"sales\" data-orig_data_id=\"sales\"  data-class=\"wpcf7cf_group\">\n\t<div class=\"sales-group-container\">\n\t\t<p><label>Product (Optional) <span class=\"wpcf7-form-control-wrap\" data-name=\"product\"><select class=\"wpcf7-form-control wpcf7-select post\" aria-invalid=\"false\" allow-clear=\"false\" search-box=\"true\" multiple=\"multiple\" name=\"product[]\" placeholder=\"&#8212;Please choose an option&#8212;\"><option value=\"Zeitreferenzsysteme\" data-id=\"4147\">Zeitreferenzsysteme<\/option><option value=\"Time Reference Systems\" data-id=\"4281\">Time Reference Systems<\/option><option value=\"Rail Traffic Management System (RTMS)\" data-id=\"4140\">Rail Traffic Management System (RTMS)<\/option><option value=\"Rail Traffic Management System (RTMS)\" data-id=\"4275\">Rail Traffic Management System (RTMS)<\/option><option value=\"Level Crossing Technologie\" data-id=\"4145\">Level Crossing Technologie<\/option><option value=\"EKSA \/ B\u00dc Technik\" data-id=\"4278\">EKSA \/ B\u00dc Technik<\/option><option value=\"Digitales Stellwerk - ILOCK\/RC\" data-id=\"4277\">Digitales Stellwerk - ILOCK\/RC<\/option><option value=\"Digital Interlocking System - ILOCK\/RC\" data-id=\"4142\">Digital Interlocking System - ILOCK\/RC<\/option><\/select><\/span><\/label><label>Files (Optional) <span class=\"wpcf7-form-control-wrap\" data-name=\"attachments-sales\"><input size=\"40\" class=\"wpcf7-form-control wpcf7-drag-n-drop-file d-none\" aria-invalid=\"false\" type=\"file\" multiple=\"multiple\" data-name=\"attachments-sales\" data-type=\"pdf|gif|png|jpg|jpeg\" data-limit=\"5242880\" data-max=\"10\" data-id=\"4520\" data-version=\"free version 1.3.9.6\" accept=\".pdf, .gif, .png, .jpg, .jpeg\" \/><\/span><\/label>\n\t\t<\/p>\n\t<\/div>\n<\/div>\n<div data-id=\"support\" data-orig_data_id=\"support\"  data-class=\"wpcf7cf_group\">\n\t<div class=\"support-group-container\">\n\t\t<div>\n\t\t\t<p>Serial Number(s)\n\t\t\t<\/p>\n\t\t\t<div data-wpcf7-group-id=\"serial-numbers\" class=\"wpcf7-field-groups \">\n\t\t\t\t<div class=\"wpcf7-field-group\">\n\t\t\t\t\t<p><span class=\"wpcf7-form-control-wrap\" data-name=\"serial-number\"><input size=\"40\" class=\"wpcf7-form-control wpcf7-text wpcf7-validates-as-required\" aria-required=\"true\" aria-invalid=\"false\" value=\"\" type=\"text\" name=\"serial-number\" \/><\/span><button type='button' class='wpcf7-field-group-remove '>-<\/button><button type='button' class='wpcf7-field-group-add '>+<\/button><input type=\"hidden\" class=\"wpcf7-field-group-count\" name=\"_wpcf7_groups_count[serial-numbers]\" value=\"1\" \/>\n\t\t\t\t\t<\/p>\n\t\t\t\t<\/div>\n\t\t\t<\/div>\n\t\t<\/div>\n\t\t<p><label>Commissioning Number\/KN (Optional) <span class=\"wpcf7-form-control-wrap\" data-name=\"commissioning-number\"><input size=\"40\" class=\"wpcf7-form-control wpcf7-text\" aria-invalid=\"false\" value=\"\" type=\"text\" name=\"commissioning-number\" \/><\/span><span class=\"field-info\"><svg class=\"svg-inline--fa fa-info-circle fa-w-16\" aria-hidden=\"true\" focusable=\"false\" data-prefix=\"fas\" data-icon=\"info-circle\" role=\"img\" xmlns=\"http:\/\/www.w3.org\/2000\/svg\" viewBox=\"0 0 512 512\" data-fa-i2svg=\"\"><path fill=\"currentColor\" d=\"M256 8C119.043 8 8 119.083 8 256c0 136.997 111.043 248 248 248s248-111.003 248-248C504 119.083 392.957 8 256 8zm0 110c23.196 0 42 18.804 42 42s-18.804 42-42 42-42-18.804-42-42 18.804-42 42-42zm56 254c0 6.627-5.373 12-12 12h-88c-6.627 0-12-5.373-12-12v-24c0-6.627 5.373-12 12-12h12v-64h-12c-6.627 0-12-5.373-12-12v-24c0-6.627 5.373-12 12-12h64c6.627 0 12 5.373 12 12v100h12c6.627 0 12 5.373 12 12v24z\"><\/path><\/svg> You can find the hopf commissioning number on the following documents: order confirmation \/ packing list \/ clock display. The commissioning number on these documents is marked with 'KN'<\/span><\/label>\n\t\t<\/p>\n\t\t<p><label>Files (Optional) <span class=\"wpcf7-form-control-wrap\" data-name=\"attachments-support\"><input size=\"40\" class=\"wpcf7-form-control wpcf7-drag-n-drop-file d-none\" aria-invalid=\"false\" type=\"file\" multiple=\"multiple\" data-name=\"attachments-support\" data-type=\"gif|png|jpg|jpeg\" data-limit=\"5242880\" data-max=\"10\" data-id=\"4520\" data-version=\"free version 1.3.9.6\" accept=\".gif, .png, .jpg, .jpeg\" \/><\/span><\/label>\n\t\t<\/p>\n\t<\/div>\n<\/div>\n<p class=\"full-row\"><label>Message <span class=\"wpcf7-form-control-wrap\" data-name=\"message\"><textarea cols=\"40\" rows=\"10\" class=\"wpcf7-form-control wpcf7-textarea wpcf7-validates-as-required\" aria-required=\"true\" aria-invalid=\"false\" name=\"message\"><\/textarea><\/span><\/label>\n<\/p>\n<p class=\"reCAPTCHA-info full-row\">This site is protected by reCAPTCHA and the Google <a target=\"_blank\" href=\"https:\/\/policies.google.com\/privacy\">Privacy Policy<\/a> and <a target=\"_blank\" href=\"https:\/\/policies.google.com\/terms\">Terms of Service<\/a> apply.\n<\/p>\n<p><button id=\"submit-button\" type=\"submit\">Submit<\/button><br \/>\n<button id=\"hidden-submit-button\" type=\"submit\" style=\"display:none\">Submit<\/button>\n<\/p>\n<p><script async defer src=\"https:\/\/maps.googleapis.com\/maps\/api\/js?key=AIzaSyCV4sdzSuTtH5c5QU5i2pqKm8-6JFIr970&libraries=places&callback=initAutocomplete\"><\/script><br \/>\n<script>\n const hAddress = document.getElementById('h-address');\n const submitButton = document.getElementById('submit-button');\n const hiddenSubmitButton = document.getElementById('hidden-submit-button');\n const contactForm = document.querySelector('.wpcf7-form');\n const requestTypeSelect = contactForm.querySelector('select[name=\"request-type\"]');\n const requiredFields = contactForm.querySelectorAll('.wpcf7-validates-as-required')\n let autocomplete, geocoder, isValidationRunning = false, isSubmitWaiting = false, gmFailed = false;\n function initAutocomplete() {\n hAddress.placeholder='';\n autocomplete = new google.maps.places.Autocomplete(\n hAddress,\n {\n fields: ['formatted_address'],\n types: ['address']\n }\n );\n geocoder = new google.maps.Geocoder();\n }\n function gm_authFailure() {\n hAddress.disabled=false;\n hAddress.placeholder='Google Maps API loading error; Please enter here the full address';\n gmFailed = true;\n return false;\n }\n function validateAddress(event) {\n if(geocoder && hAddress.value && !gmFailed) {\n isSubmitWaiting = false;\n isValidationRunning = true;\n setTimeout(() => {\n geocoder.geocode({ 'address': hAddress.value }, (results, status) => {\n isValidationRunning = false;\n if(isSubmitWaiting) setTimeout(() => { hiddenSubmitButton.click(); submitButton.disabled = false; }, 50);\n if(status === 'OK') {\n if(results.length === 0 || !results[0].types.includes('street_address')) return hAddress.setCustomValidity('Not a valid address or address not found!');\n hAddress.value = results[0].formatted_address;\n }\n hAddress.setCustomValidity('');\n });\n }, 0);\n }\n else hAddress.setCustomValidity('');\n }\n submitButton.onclick = event => {\n if(isValidationRunning) {\n event.preventDefault();\n submitButton.disabled = true;\n isSubmitWaiting = true;\n }\n };\n hAddress.onkeypress = event => {\n if(event.key === 'Enter') event.target.blur();\n }\n hAddress.oninput = () => hAddress.setCustomValidity('');\n hAddress.onblur = validateAddress;\n contactForm.onsubmit = () => { submitButton.disabled = true; };\n document.addEventListener('wpcf7submit', () => { submitButton.disabled = false; }, false);\n contactForm.removeAttribute('novalidate');\n requestTypeSelect.onchange = (event) => {\n changeUrl(event.target.value);\n setRequired();\n };\n window.addEventListener('load', () => {\n jQuery(contactForm).on('wpcf7cf_show_group', setRequired);\n setRequired();\n });\n function setRequired() {\n requiredFields.forEach(field => { field.required = true; });\n const hiddenGroups = contactForm.querySelectorAll('.wpcf7cf-hidden');\n hiddenGroups.forEach(group => {\n const hiddenFields = group.querySelectorAll('.wpcf7-validates-as-required');\n hiddenFields.forEach(field => { field.required = false; });\n })\n }\n function changeUrl(requestType) {\n const searchParams = new URLSearchParams(window.location.search)\n searchParams.set('request-type', requestType);\n const newRelativePathQuery = window.location.pathname + '?' + searchParams.toString();\n history.pushState(null, '', newRelativePathQuery);\n }\n<\/script>\n<\/p>\n<\/form>\n<\/div>\n<\/div>\n","protected":false},"excerpt":{"rendered":"","protected":false},"author":1,"featured_media":0,"parent":2086,"menu_order":0,"comment_status":"closed","ping_status":"closed","template":"page-support.php","meta":{"_oasis_is_in_workflow":0,"_oasis_original":0,"om_disable_all_campaigns":false,"_mi_skip_tracking":false,"_monsterinsights_sitenote_active":false,"_monsterinsights_sitenote_note":"","_monsterinsights_sitenote_category":0,"footnotes":""},"class_list":["post-2115","page","type-page","status-publish","hentry"],"aioseo_notices":[],"lang":"de","translations":{"de":2115,"en":625},"pll_sync_post":[],"_links":{"self":[{"href":"https:\/\/www.rdcs.eu\/index.php?rest_route=\/wp\/v2\/pages\/2115","targetHints":{"allow":["GET"]}}],"collection":[{"href":"https:\/\/www.rdcs.eu\/index.php?rest_route=\/wp\/v2\/pages"}],"about":[{"href":"https:\/\/www.rdcs.eu\/index.php?rest_route=\/wp\/v2\/types\/page"}],"author":[{"embeddable":true,"href":"https:\/\/www.rdcs.eu\/index.php?rest_route=\/wp\/v2\/users\/1"}],"replies":[{"embeddable":true,"href":"https:\/\/www.rdcs.eu\/index.php?rest_route=%2Fwp%2Fv2%2Fcomments&post=2115"}],"version-history":[{"count":8,"href":"https:\/\/www.rdcs.eu\/index.php?rest_route=\/wp\/v2\/pages\/2115\/revisions"}],"predecessor-version":[{"id":4522,"href":"https:\/\/www.rdcs.eu\/index.php?rest_route=\/wp\/v2\/pages\/2115\/revisions\/4522"}],"up":[{"embeddable":true,"href":"https:\/\/www.rdcs.eu\/index.php?rest_route=\/wp\/v2\/pages\/2086"}],"wp:attachment":[{"href":"https:\/\/www.rdcs.eu\/index.php?rest_route=%2Fwp%2Fv2%2Fmedia&parent=2115"}],"curies":[{"name":"wp","href":"https:\/\/api.w.org\/{rel}","templated":true}]}}