{"id":2041,"date":"2021-12-01T07:21:18","date_gmt":"2021-12-01T06:21:18","guid":{"rendered":"http:\/\/www.timeserver.eu\/startpage-deutsch\/"},"modified":"2022-09-18T10:44:05","modified_gmt":"2022-09-18T08:44:05","slug":"startseite","status":"publish","type":"page","link":"https:\/\/www.rdcs.eu\/","title":{"rendered":"Startseite"},"content":{"rendered":"\n<h2 class=\"has-second-color has-text-color wp-block-heading\"><strong><mark style=\"background-color:rgba(0, 0, 0, 0)\" class=\"has-inline-color has-accent-color\">SICHER.<\/mark>  P\u00dcNKTLICH. UNTERWEGS.<\/strong><\/h2>\n\n\n\n<h2 class=\"wp-block-heading\"><strong>Sicherheit an erster Stelle<\/strong><\/h2>\n\n\n\n<p class=\"startpage-description\"><strong>RDCS entwickelt und liefert seit mehr als 20 Jahren ma\u00dfgeschneiderte innovative Kundenl\u00f6sungen im Bereich Eisenbahntechnik und weiten Bereichen der Informationstechnologie. <\/strong><\/p>\n\n\n\n<p class=\"startpage-description\"><strong>Das Leistungsspektrum umfasst sowohl Beratung und Planung als auch Implementierung und Wartung von Einzell\u00f6sungen bis hin zur Gesamtprojektabwicklung und \u00dcbergabe einer schl\u00fcsselfertigen Anlage an den Kunden. Langfristige Kooperationen und Partnerschaften mit namhaften Herstellern bilden die Basis f\u00fcr Stabilit\u00e4t und Kontinuit\u00e4t<\/strong>.<\/p>\n\n\n\n<p class=\"has-large-font-size\">&nbsp;<\/p>\n\n\n\n<div class=\"wp-block-buttons is-layout-flex wp-block-buttons-is-layout-flex\">\n<div class=\"wp-block-button\"><a class=\"wp-block-button__link\" href=\"https:\/\/www.rdcs.eu\/?page_id=2181\">Mehr erfahren &#8230;<\/a><\/div>\n<\/div>\n\n\n\n<p>&nbsp;<\/p>\n\n\n<p><\/p>\n<p><\/p>\n<p><!--vcv no format--><\/p>","protected":false},"excerpt":{"rendered":"<p>RDCS Ihr verl\u00e4sslicher Partner im Rail-Bussines<\/p>\n","protected":false},"author":1,"featured_media":4294,"parent":0,"menu_order":0,"comment_status":"closed","ping_status":"closed","template":"","meta":{"_oasis_is_in_workflow":0,"_oasis_original":0,"om_disable_all_campaigns":false,"_mi_skip_tracking":false,"_monsterinsights_sitenote_active":false,"_monsterinsights_sitenote_note":"","_monsterinsights_sitenote_category":0,"footnotes":""},"class_list":["post-2041","page","type-page","status-publish","has-post-thumbnail","hentry"],"aioseo_notices":[],"lang":"de","translations":{"en":62,"de":2041},"pll_sync_post":[],"_links":{"self":[{"href":"https:\/\/www.rdcs.eu\/index.php?rest_route=\/wp\/v2\/pages\/2041","targetHints":{"allow":["GET"]}}],"collection":[{"href":"https:\/\/www.rdcs.eu\/index.php?rest_route=\/wp\/v2\/pages"}],"about":[{"href":"https:\/\/www.rdcs.eu\/index.php?rest_route=\/wp\/v2\/types\/page"}],"author":[{"embeddable":true,"href":"https:\/\/www.rdcs.eu\/index.php?rest_route=\/wp\/v2\/users\/1"}],"replies":[{"embeddable":true,"href":"https:\/\/www.rdcs.eu\/index.php?rest_route=%2Fwp%2Fv2%2Fcomments&post=2041"}],"version-history":[{"count":49,"href":"https:\/\/www.rdcs.eu\/index.php?rest_route=\/wp\/v2\/pages\/2041\/revisions"}],"predecessor-version":[{"id":4679,"href":"https:\/\/www.rdcs.eu\/index.php?rest_route=\/wp\/v2\/pages\/2041\/revisions\/4679"}],"wp:featuredmedia":[{"embeddable":true,"href":"https:\/\/www.rdcs.eu\/index.php?rest_route=\/wp\/v2\/media\/4294"}],"wp:attachment":[{"href":"https:\/\/www.rdcs.eu\/index.php?rest_route=%2Fwp%2Fv2%2Fmedia&parent=2041"}],"curies":[{"name":"wp","href":"https:\/\/api.w.org\/{rel}","templated":true}]}}