{"id":3494,"date":"2021-10-14T07:50:57","date_gmt":"2021-10-14T05:50:57","guid":{"rendered":"http:\/\/www.timeserver.eu\/?page_id=3494"},"modified":"2022-09-18T10:53:14","modified_gmt":"2022-09-18T08:53:14","slug":"impressum","status":"publish","type":"page","link":"http:\/\/www.rdcs.eu\/?page_id=3494","title":{"rendered":"Impressum"},"content":{"rendered":"\n<h2 class=\"has-text-align-center wp-block-heading\">RDCS Informationstechnologie GmbH<\/h2>\n\n\n\n<p class=\"has-text-align-center\">Impressum gem\u00e4\u00df <a href=\"https:\/\/www.wkoecg.at\/Ecg.aspx?FirmaID=116a4b79-ee11-454c-bb9b-c7d890a80a4c\" target=\"_blank\" rel=\"noreferrer noopener\">ECG &amp; \u00a7 24 Mediengesetz<\/a>:<\/p>\n\n\n\n<figure class=\"wp-block-table\"><table><tbody><tr><td class=\"has-text-align-center\" data-align=\"center\"><strong>Firma:<\/strong><\/td><td class=\"has-text-align-left\" data-align=\"left\">RDCS Informationstechnologie GmbH<\/td><\/tr><tr><td class=\"has-text-align-center\" data-align=\"center\"><strong>Anschrift:<\/strong><\/td><td class=\"has-text-align-left\" data-align=\"left\">Embelgasse 66\/10-11<br>1050 Wien<br>\u00d6sterreich<\/td><\/tr><tr><td class=\"has-text-align-center\" data-align=\"center\"><strong>Telefon:<\/strong><\/td><td class=\"has-text-align-left\" data-align=\"left\">+43 (0)1 545 50 77-0<\/td><\/tr><tr><td class=\"has-text-align-center\" data-align=\"center\"><strong>Telefax:<\/strong><\/td><td class=\"has-text-align-left\" data-align=\"left\">+43 (0)1 545 50 77-11<\/td><\/tr><tr><td class=\"has-text-align-center\" data-align=\"center\"><strong>E-Mail:<\/strong><\/td><td class=\"has-text-align-left\" data-align=\"left\">office [at] rdcs.eu<\/td><\/tr><tr><td class=\"has-text-align-center\" data-align=\"center\"><strong>Gesch\u00e4ftsf\u00fchrer:<\/strong><\/td><td class=\"has-text-align-left\" data-align=\"left\">Herr Erich RUPRECHT <br>Herr Wolfgang KANOVSKY<\/td><\/tr><tr><td class=\"has-text-align-center\" data-align=\"center\"><strong>USt-IdNr.:<\/strong><\/td><td class=\"has-text-align-left\" data-align=\"left\">ATU62730003<\/td><\/tr><tr><td class=\"has-text-align-center\" data-align=\"center\"><strong>Firmenbuch-Nr.:<\/strong><\/td><td class=\"has-text-align-left\" data-align=\"left\">FN 280075 a<\/td><\/tr><tr><td class=\"has-text-align-center\" data-align=\"center\"><strong>Gerichtsstand:<\/strong><\/td><td class=\"has-text-align-left\" data-align=\"left\">Handelsgericht Wien<\/td><\/tr><tr><td class=\"has-text-align-center\" data-align=\"center\"><strong>ARA \/ ERA:<\/strong><\/td><td class=\"has-text-align-left\" data-align=\"left\">14708 \/ 50813<\/td><\/tr><\/tbody><\/table><\/figure>\n\n\n\n<div style=\"height:30px\" aria-hidden=\"true\" class=\"wp-block-spacer\"><\/div>\n\n\n\n<h3 class=\"has-text-align-center wp-block-heading\">Haftung f\u00fcr Inhalte<\/h3>\n\n\n\n<p>RDCS Informationstechnologie GmbH \u00fcbernimmt keinerlei Gew\u00e4hr f\u00fcr die Aktualit\u00e4t, Korrektheit, Vollst\u00e4ndigkeit oder Qualit\u00e4t der bereitgestellten Informationen. Haftungsanspr\u00fcche gegen RDCS Informationstechnologie GmbH, welche sich auf Sch\u00e4den materieller oder ideeller Art beziehen, die durch die Nutzung oder Nichtnutzung der dargebotenen Informationen bzw. durch die Nutzung fehlerhafter und unvollst\u00e4ndiger Informationen verursacht wurden, sind grunds\u00e4tzlich ausgeschlossen, sofern seitens RDCS Informationstechnologie GmbH kein nachweislich vors\u00e4tzliches oder grob fahrl\u00e4ssiges Verschulden vorliegt. Alle Angebote sind freibleibend und unverbindlich. RDCS Informationstechnologie GmbH beh\u00e4lt es sich ausdr\u00fccklich vor, Teile der Seiten oder das gesamte Angebot ohne gesonderte Ank\u00fcndigung zu ver\u00e4ndern, zu erg\u00e4nzen, zu l\u00f6schen oder die Ver\u00f6ffentlichung zeitweise oder endg\u00fcltig einzustellen.<\/p>\n\n\n\n<div style=\"height:40px\" aria-hidden=\"true\" class=\"wp-block-spacer\"><\/div>\n\n\n\n<h3 class=\"has-text-align-center wp-block-heading\">Haftung f\u00fcr Verweise und Links<\/h3>\n\n\n\n<p>Bei direkten oder indirekten Verweisen auf fremde Internetseiten (&#8222;Links&#8220;), die au\u00dferhalb des Verantwortungsbereiches von RDCS Informationstechnologie GmbH liegen, w\u00fcrde eine Haftungsverpflichtung ausschlie\u00dflich in dem Fall in Kraft treten, in dem RDCS Informationstechnologie GmbH von den Inhalten Kenntnis hat und es RDCS Informationstechnologie GmbH technisch m\u00f6glich und zumutbar w\u00e4re, die Nutzung im Falle rechtswidriger Inhalte zu verhindern. RDCS Informationstechnologie GmbH erkl\u00e4rt daher ausdr\u00fccklich, dass zum Zeitpunkt der Linksetzung die entsprechenden verlinkten Seiten frei von illegalen Inhalten waren. RDCS Informationstechnologie GmbH hat keinerlei Einfluss auf die aktuelle und zuk\u00fcnftige Gestaltung und auf die Inhalte der verkn\u00fcpften Seiten. Deshalb distanziert sich RDCS Informationstechnologie GmbH hiermit ausdr\u00fccklich von allen Inhalten aller verkn\u00fcpften Seiten, die nach der Linksetzung ver\u00e4ndert wurden. Diese Feststellung gilt f\u00fcr alle innerhalb des eigenen Internetangebotes gesetzten Links und Verweise sowie f\u00fcr Fremdeintr\u00e4ge in RDCS Informationstechnologie GmbH eingerichteten G\u00e4steb\u00fcchern, Diskussionsforen und Mailinglisten. F\u00fcr illegale, fehlerhafte oder unvollst\u00e4ndige Inhalte und insbesondere f\u00fcr Sch\u00e4den, die aus der Nutzung oder Nichtnutzung solcherart dargebotener Informationen entstehen, haftet allein der Anbieter der Seite, auf welche verwiesen wurde, nicht derjenige, der \u00fcber Links auf die jeweilige Ver\u00f6ffentlichung lediglich verweist.<\/p>\n\n\n\n<div style=\"height:40px\" aria-hidden=\"true\" class=\"wp-block-spacer\"><\/div>\n\n\n\n<h3 class=\"has-text-align-center wp-block-heading\">Urheber- und Kennzeichnungsrecht<\/h3>\n\n\n\n<p>RDCS Informationstechnologie GmbH ist bestrebt, in allen Publikationen die Urheberrechte der verwendeten Grafiken, Tondokumente, Videosequenzen und Texte zu beachten, von RDCS Informationstechnologie GmbH selbst erstellte Grafiken, Tondokumente, Videosequenzen und Texte zu nutzen oder auf lizenzfreie Grafiken, Tondokumente, Videosequenzen und Texte zur\u00fcckzugreifen. Alle innerhalb des Internetangebotes genannten und gegebenenfalls durch Dritte gesch\u00fctzten Marken- und Warenzeichen unterliegen uneingeschr\u00e4nkt den Bestimmungen des jeweils g\u00fcltigen Kennzeichenrechts und den Besitzrechten der jeweiligen eingetragenen Eigent\u00fcmer. Allein aufgrund der blo\u00dfen Nennung ist nicht der Schluss zu ziehen, dass Markenzeichen nicht durch Rechte Dritter gesch\u00fctzt sind! Das Copyright f\u00fcr ver\u00f6ffentlichte, von RDCS Informationstechnologie GmbH selbst erstellte Objekte bleibt allein bei RDCS Informationstechnologie GmbH. Eine Vervielf\u00e4ltigung oder Verwendung solcher Grafiken, Tondokumente, Videosequenzen und Texte in anderen elektronischen oder gedruckten Publikationen ist ohne ausdr\u00fcckliche Zustimmung von RDCS Informationstechnologie GmbH nicht gestattet. <\/p>\n\n\n\n<div style=\"height:40px\" aria-hidden=\"true\" class=\"wp-block-spacer\"><\/div>\n\n\n\n<h3 class=\"has-text-align-center wp-block-heading\">Rechtswirksamkeit dieses Haftungsausschlusses<\/h3>\n\n\n\n<p>Dieser Haftungsausschluss ist als Teil des Internetangebotes zu betrachten, von welchem aus auf diese Seite verwiesen wurde. Sofern Teile oder einzelne Formulierungen dieses Textes der geltenden Rechtslage nicht, nicht mehr oder nicht vollst\u00e4ndig entsprechen sollten, bleiben die \u00fcbrigen Teile des Dokumentes in ihrem Inhalt und ihrer G\u00fcltigkeit davon unber\u00fchrt.<\/p>\n","protected":false},"excerpt":{"rendered":"<p>Die hopf Elektronik GmbH ist das f\u00fchrende Kompetenzzentrum f\u00fcr Zeit- und Frequenzl\u00f6sungen, Zeitreferenzsysteme und Zeitverteilungsanwendungen. Deutsche Qualit\u00e4t und Innovation zeichnen seit 1972 unsere bew\u00e4hrten Produkte aus, die in zahlreichen Branchen weltweit eingesetzt werden. Unser Impressum finden Sie auf dieser Seite. <\/p>\n","protected":false},"author":1,"featured_media":0,"parent":0,"menu_order":0,"comment_status":"closed","ping_status":"closed","template":"","meta":{"_oasis_is_in_workflow":0,"_oasis_original":0,"om_disable_all_campaigns":false,"_mi_skip_tracking":false,"_monsterinsights_sitenote_active":false,"_monsterinsights_sitenote_note":"","_monsterinsights_sitenote_category":0,"footnotes":""},"class_list":["post-3494","page","type-page","status-publish","hentry"],"aioseo_notices":[],"lang":"de","translations":{"de":3494,"en":654},"pll_sync_post":[],"_links":{"self":[{"href":"http:\/\/www.rdcs.eu\/index.php?rest_route=\/wp\/v2\/pages\/3494","targetHints":{"allow":["GET"]}}],"collection":[{"href":"http:\/\/www.rdcs.eu\/index.php?rest_route=\/wp\/v2\/pages"}],"about":[{"href":"http:\/\/www.rdcs.eu\/index.php?rest_route=\/wp\/v2\/types\/page"}],"author":[{"embeddable":true,"href":"http:\/\/www.rdcs.eu\/index.php?rest_route=\/wp\/v2\/users\/1"}],"replies":[{"embeddable":true,"href":"http:\/\/www.rdcs.eu\/index.php?rest_route=%2Fwp%2Fv2%2Fcomments&post=3494"}],"version-history":[{"count":7,"href":"http:\/\/www.rdcs.eu\/index.php?rest_route=\/wp\/v2\/pages\/3494\/revisions"}],"predecessor-version":[{"id":4689,"href":"http:\/\/www.rdcs.eu\/index.php?rest_route=\/wp\/v2\/pages\/3494\/revisions\/4689"}],"wp:attachment":[{"href":"http:\/\/www.rdcs.eu\/index.php?rest_route=%2Fwp%2Fv2%2Fmedia&parent=3494"}],"curies":[{"name":"wp","href":"https:\/\/api.w.org\/{rel}","templated":true}]}}